{"id":380,"date":"2014-12-14T18:33:58","date_gmt":"2014-12-14T17:33:58","guid":{"rendered":"http:\/\/www.waldforscher.at\/?page_id=380"},"modified":"2016-06-22T09:59:56","modified_gmt":"2016-06-22T08:59:56","slug":"pflanzen-bestimmen","status":"publish","type":"page","link":"http:\/\/www.waldforscher.at\/?page_id=380","title":{"rendered":"Pflanzen bestimmen"},"content":{"rendered":"<p><a href=\"http:\/\/www.waldforscher.at\/wp-content\/uploads\/2014\/12\/Beinwell.jpg\"><img loading=\"lazy\" decoding=\"async\" data-attachment-id=\"381\" data-permalink=\"http:\/\/www.waldforscher.at\/?attachment_id=381\" data-orig-file=\"http:\/\/www.waldforscher.at\/wp-content\/uploads\/2014\/12\/Beinwell.jpg\" data-orig-size=\"800,533\" data-comments-opened=\"1\" data-image-meta=\"{&quot;aperture&quot;:&quot;6.3&quot;,&quot;credit&quot;:&quot;&quot;,&quot;camera&quot;:&quot;Canon EOS 30D&quot;,&quot;caption&quot;:&quot;&quot;,&quot;created_timestamp&quot;:&quot;1242885538&quot;,&quot;copyright&quot;:&quot;&quot;,&quot;focal_length&quot;:&quot;50&quot;,&quot;iso&quot;:&quot;400&quot;,&quot;shutter_speed&quot;:&quot;0.00625&quot;,&quot;title&quot;:&quot;&quot;,&quot;orientation&quot;:&quot;1&quot;}\" data-image-title=\"Beinwell\" data-image-description=\"\" data-image-caption=\"\" data-large-file=\"http:\/\/www.waldforscher.at\/wp-content\/uploads\/2014\/12\/Beinwell.jpg\" class=\"alignnone size-medium wp-image-381\" src=\"http:\/\/www.waldforscher.at\/wp-content\/uploads\/2014\/12\/Beinwell-300x199.jpg\" alt=\"Beinwell\" width=\"300\" height=\"199\" srcset=\"http:\/\/www.waldforscher.at\/wp-content\/uploads\/2014\/12\/Beinwell-300x199.jpg 300w, http:\/\/www.waldforscher.at\/wp-content\/uploads\/2014\/12\/Beinwell.jpg 800w\" sizes=\"auto, (max-width: 300px) 100vw, 300px\" \/><\/a><\/p>\n<p>viele hundert Pflanzenarten gibt\u00b4s in unserem Wald, wer soll sich da auskennen? Wir versuchen, Ordnung in diese gro\u00dfe Vielzahl zu bringen. Mit ein bisschen Anleitung ist es gar nicht so schwer, eine unbekannte Pflanze richtig zu bestimmen!<\/p>\n<p>&nbsp;<br \/>\nbeim Tag der Artenvielfalt haben wir dieses Programm gezeigt.<br \/>\n<div id=\"attachment_464\" style=\"width: 310px\" class=\"wp-caption alignnone\"><a href=\"http:\/\/www.waldforscher.at\/wp-content\/uploads\/2014\/12\/0254.jpg\"><img loading=\"lazy\" decoding=\"async\" aria-describedby=\"caption-attachment-464\" data-attachment-id=\"464\" data-permalink=\"http:\/\/www.waldforscher.at\/?attachment_id=464\" data-orig-file=\"http:\/\/www.waldforscher.at\/wp-content\/uploads\/2014\/12\/0254.jpg\" data-orig-size=\"3648,2432\" data-comments-opened=\"1\" data-image-meta=\"{&quot;aperture&quot;:&quot;5&quot;,&quot;credit&quot;:&quot;&quot;,&quot;camera&quot;:&quot;Canon EOS 7D Mark II&quot;,&quot;caption&quot;:&quot;&quot;,&quot;created_timestamp&quot;:&quot;1465655780&quot;,&quot;copyright&quot;:&quot;&quot;,&quot;focal_length&quot;:&quot;24&quot;,&quot;iso&quot;:&quot;640&quot;,&quot;shutter_speed&quot;:&quot;0.00625&quot;,&quot;title&quot;:&quot;&quot;,&quot;orientation&quot;:&quot;1&quot;}\" data-image-title=\"+0254\" data-image-description=\"\" data-image-caption=\"&lt;p&gt;&amp;#8222;Pflanzen bestimmen&amp;#8220; am Tag der Artenvielfalt 2016 im Lainzer Tiergarten&lt;\/p&gt;\n\" data-large-file=\"http:\/\/www.waldforscher.at\/wp-content\/uploads\/2014\/12\/0254-1024x683.jpg\" src=\"http:\/\/www.waldforscher.at\/wp-content\/uploads\/2014\/12\/0254-300x200.jpg\" alt=\"&quot;Pflanzen bestimmen&quot; am Tag der Artenvielfalt 2016 im Lainzer Tiergarten\" width=\"300\" height=\"200\" class=\"size-medium wp-image-464\" srcset=\"http:\/\/www.waldforscher.at\/wp-content\/uploads\/2014\/12\/0254-300x200.jpg 300w, http:\/\/www.waldforscher.at\/wp-content\/uploads\/2014\/12\/0254-768x512.jpg 768w, http:\/\/www.waldforscher.at\/wp-content\/uploads\/2014\/12\/0254-1024x683.jpg 1024w\" sizes=\"auto, (max-width: 300px) 100vw, 300px\" \/><\/a><p id=\"caption-attachment-464\" class=\"wp-caption-text\">&#8222;Pflanzen bestimmen&#8220; am Tag der Artenvielfalt 2016 im Lainzer Tiergarten<\/p><\/div>\ngezeigt haben wir dabei die verschiedenen Zeigerpflanzen des Wienerwaldes wie<br \/>\nErika, Kalk-Blaugras oder Gelb-Segge im Kalk-Wienerwald<br \/>\noder die S\u00e4urezeiger<br \/>\nSauerklee, Wei\u00dfliche Hainsimse oder Heidelbeere im Flysch-Wienerwald<\/p>\n<p>nat\u00fcrlich haben wir auch die dazugeh\u00f6rigen Steine dabei, sodass wir Boden und Pflanzen gut zusammenbringen k\u00f6nnen.<\/p>\n<p>Wie das geht? Nun, wenn ihr neugierig seid, bucht einfach dieses Programm. Da zeigen wir euch auch, wie das mit dem Bestimmen geht!<\/p>\n","protected":false},"excerpt":{"rendered":"<p>viele hundert Pflanzenarten gibt\u00b4s in unserem Wald, wer soll sich da auskennen? Wir versuchen, Ordnung in diese gro\u00dfe Vielzahl zu bringen. Mit ein bisschen Anleitung ist es gar nicht so schwer, eine unbekannte Pflanze richtig zu bestimmen! &nbsp; beim Tag der Artenvielfalt haben wir dieses Programm gezeigt. gezeigt haben wir dabei die verschiedenen Zeigerpflanzen des Wienerwaldes wie Erika, Kalk-Blaugras oder Gelb-Segge im Kalk-Wienerwald oder die S\u00e4urezeiger Sauerklee, Wei\u00dfliche Hainsimse oder Heidelbeere im Flysch-Wienerwald nat\u00fcrlich haben wir auch die dazugeh\u00f6rigen Steine dabei, sodass wir Boden und Pflanzen gut zusammenbringen k\u00f6nnen. Wie das geht? Nun, wenn ihr neugierig seid, bucht einfach dieses<\/p>\n<a class=\"more-link\" rel=\"nofollow\" href=\"http:\/\/www.waldforscher.at\/?page_id=380\">[Weiterlesen...]<\/a>","protected":false},"author":5,"featured_media":0,"parent":270,"menu_order":0,"comment_status":"open","ping_status":"open","template":"","meta":{"_exactmetrics_skip_tracking":false,"_exactmetrics_sitenote_active":false,"_exactmetrics_sitenote_note":"","_exactmetrics_sitenote_category":0,"ngg_post_thumbnail":0,"jetpack_post_was_ever_published":false,"footnotes":""},"class_list":["post-380","page","type-page","status-publish","hentry"],"yoast_head":"<!-- This site is optimized with the Yoast SEO plugin v27.5 - https:\/\/yoast.com\/product\/yoast-seo-wordpress\/ -->\n<title>Pflanzen bestimmen - Waldforscher.at<\/title>\n<meta name=\"robots\" content=\"index, follow, max-snippet:-1, max-image-preview:large, max-video-preview:-1\" \/>\n<link rel=\"canonical\" href=\"http:\/\/www.waldforscher.at\/?page_id=380\" \/>\n<meta property=\"og:locale\" content=\"de_DE\" \/>\n<meta property=\"og:type\" content=\"article\" \/>\n<meta property=\"og:title\" content=\"Pflanzen bestimmen - Waldforscher.at\" \/>\n<meta property=\"og:description\" content=\"viele hundert Pflanzenarten gibt\u00b4s in unserem Wald, wer soll sich da auskennen? Wir versuchen, Ordnung in diese gro\u00dfe Vielzahl zu bringen. Mit ein bisschen Anleitung ist es gar nicht so schwer, eine unbekannte Pflanze richtig zu bestimmen! &nbsp; beim Tag der Artenvielfalt haben wir dieses Programm gezeigt. gezeigt haben wir dabei die verschiedenen Zeigerpflanzen des Wienerwaldes wie Erika, Kalk-Blaugras oder Gelb-Segge im Kalk-Wienerwald oder die S\u00e4urezeiger Sauerklee, Wei\u00dfliche Hainsimse oder Heidelbeere im Flysch-Wienerwald nat\u00fcrlich haben wir auch die dazugeh\u00f6rigen Steine dabei, sodass wir Boden und Pflanzen gut zusammenbringen k\u00f6nnen. Wie das geht? Nun, wenn ihr neugierig seid, bucht einfach dieses\" \/>\n<meta property=\"og:url\" content=\"http:\/\/www.waldforscher.at\/?page_id=380\" \/>\n<meta property=\"og:site_name\" content=\"Waldforscher.at\" \/>\n<meta property=\"article:publisher\" content=\"https:\/\/www.facebook.com\/waldforscher\/\" \/>\n<meta property=\"article:modified_time\" content=\"2016-06-22T08:59:56+00:00\" \/>\n<meta property=\"og:image\" content=\"http:\/\/www.waldforscher.at\/wp-content\/uploads\/2014\/12\/Beinwell-300x199.jpg\" \/>\n<meta name=\"twitter:card\" content=\"summary_large_image\" \/>\n<meta name=\"twitter:label1\" content=\"Gesch\u00e4tzte Lesezeit\" \/>\n\t<meta name=\"twitter:data1\" content=\"1\u00a0Minute\" \/>\n<script type=\"application\/ld+json\" class=\"yoast-schema-graph\">{\"@context\":\"https:\\\/\\\/schema.org\",\"@graph\":[{\"@type\":\"WebPage\",\"@id\":\"http:\\\/\\\/www.waldforscher.at\\\/?page_id=380\",\"url\":\"http:\\\/\\\/www.waldforscher.at\\\/?page_id=380\",\"name\":\"Pflanzen bestimmen - Waldforscher.at\",\"isPartOf\":{\"@id\":\"http:\\\/\\\/www.waldforscher.at\\\/#website\"},\"primaryImageOfPage\":{\"@id\":\"http:\\\/\\\/www.waldforscher.at\\\/?page_id=380#primaryimage\"},\"image\":{\"@id\":\"http:\\\/\\\/www.waldforscher.at\\\/?page_id=380#primaryimage\"},\"thumbnailUrl\":\"http:\\\/\\\/www.waldforscher.at\\\/wp-content\\\/uploads\\\/2014\\\/12\\\/Beinwell-300x199.jpg\",\"datePublished\":\"2014-12-14T17:33:58+00:00\",\"dateModified\":\"2016-06-22T08:59:56+00:00\",\"breadcrumb\":{\"@id\":\"http:\\\/\\\/www.waldforscher.at\\\/?page_id=380#breadcrumb\"},\"inLanguage\":\"de\",\"potentialAction\":[{\"@type\":\"ReadAction\",\"target\":[\"http:\\\/\\\/www.waldforscher.at\\\/?page_id=380\"]}]},{\"@type\":\"ImageObject\",\"inLanguage\":\"de\",\"@id\":\"http:\\\/\\\/www.waldforscher.at\\\/?page_id=380#primaryimage\",\"url\":\"http:\\\/\\\/www.waldforscher.at\\\/wp-content\\\/uploads\\\/2014\\\/12\\\/Beinwell.jpg\",\"contentUrl\":\"http:\\\/\\\/www.waldforscher.at\\\/wp-content\\\/uploads\\\/2014\\\/12\\\/Beinwell.jpg\",\"width\":800,\"height\":533},{\"@type\":\"BreadcrumbList\",\"@id\":\"http:\\\/\\\/www.waldforscher.at\\\/?page_id=380#breadcrumb\",\"itemListElement\":[{\"@type\":\"ListItem\",\"position\":1,\"name\":\"Home\",\"item\":\"http:\\\/\\\/www.waldforscher.at\\\/\"},{\"@type\":\"ListItem\",\"position\":2,\"name\":\"Programm\u00fcbersicht\",\"item\":\"http:\\\/\\\/www.waldforscher.at\\\/?page_id=270\"},{\"@type\":\"ListItem\",\"position\":3,\"name\":\"Pflanzen bestimmen\"}]},{\"@type\":\"WebSite\",\"@id\":\"http:\\\/\\\/www.waldforscher.at\\\/#website\",\"url\":\"http:\\\/\\\/www.waldforscher.at\\\/\",\"name\":\"Waldforscher.at\",\"description\":\"Waldp\u00e4dagogik und Walderlebnistag Forstverwaltung Kleimariazell\",\"publisher\":{\"@id\":\"http:\\\/\\\/www.waldforscher.at\\\/#organization\"},\"potentialAction\":[{\"@type\":\"SearchAction\",\"target\":{\"@type\":\"EntryPoint\",\"urlTemplate\":\"http:\\\/\\\/www.waldforscher.at\\\/?s={search_term_string}\"},\"query-input\":{\"@type\":\"PropertyValueSpecification\",\"valueRequired\":true,\"valueName\":\"search_term_string\"}}],\"inLanguage\":\"de\"},{\"@type\":\"Organization\",\"@id\":\"http:\\\/\\\/www.waldforscher.at\\\/#organization\",\"name\":\"Waldforscher.at\",\"url\":\"http:\\\/\\\/www.waldforscher.at\\\/\",\"logo\":{\"@type\":\"ImageObject\",\"inLanguage\":\"de\",\"@id\":\"http:\\\/\\\/www.waldforscher.at\\\/#\\\/schema\\\/logo\\\/image\\\/\",\"url\":\"http:\\\/\\\/www.waldforscher.at\\\/wp-content\\\/uploads\\\/2017\\\/01\\\/Logo_WaldforscherInnen_5.png\",\"contentUrl\":\"http:\\\/\\\/www.waldforscher.at\\\/wp-content\\\/uploads\\\/2017\\\/01\\\/Logo_WaldforscherInnen_5.png\",\"width\":608,\"height\":602,\"caption\":\"Waldforscher.at\"},\"image\":{\"@id\":\"http:\\\/\\\/www.waldforscher.at\\\/#\\\/schema\\\/logo\\\/image\\\/\"},\"sameAs\":[\"https:\\\/\\\/www.facebook.com\\\/waldforscher\\\/\",\"https:\\\/\\\/www.youtube.com\\\/channel\\\/UCMn2x_MY1UIU6nQUvZ4-RVA\"]}]}<\/script>\n<!-- \/ Yoast SEO plugin. -->","yoast_head_json":{"title":"Pflanzen bestimmen - Waldforscher.at","robots":{"index":"index","follow":"follow","max-snippet":"max-snippet:-1","max-image-preview":"max-image-preview:large","max-video-preview":"max-video-preview:-1"},"canonical":"http:\/\/www.waldforscher.at\/?page_id=380","og_locale":"de_DE","og_type":"article","og_title":"Pflanzen bestimmen - Waldforscher.at","og_description":"viele hundert Pflanzenarten gibt\u00b4s in unserem Wald, wer soll sich da auskennen? Wir versuchen, Ordnung in diese gro\u00dfe Vielzahl zu bringen. Mit ein bisschen Anleitung ist es gar nicht so schwer, eine unbekannte Pflanze richtig zu bestimmen! &nbsp; beim Tag der Artenvielfalt haben wir dieses Programm gezeigt. gezeigt haben wir dabei die verschiedenen Zeigerpflanzen des Wienerwaldes wie Erika, Kalk-Blaugras oder Gelb-Segge im Kalk-Wienerwald oder die S\u00e4urezeiger Sauerklee, Wei\u00dfliche Hainsimse oder Heidelbeere im Flysch-Wienerwald nat\u00fcrlich haben wir auch die dazugeh\u00f6rigen Steine dabei, sodass wir Boden und Pflanzen gut zusammenbringen k\u00f6nnen. Wie das geht? Nun, wenn ihr neugierig seid, bucht einfach dieses","og_url":"http:\/\/www.waldforscher.at\/?page_id=380","og_site_name":"Waldforscher.at","article_publisher":"https:\/\/www.facebook.com\/waldforscher\/","article_modified_time":"2016-06-22T08:59:56+00:00","og_image":[{"url":"http:\/\/www.waldforscher.at\/wp-content\/uploads\/2014\/12\/Beinwell-300x199.jpg","type":"","width":"","height":""}],"twitter_card":"summary_large_image","twitter_misc":{"Gesch\u00e4tzte Lesezeit":"1\u00a0Minute"},"schema":{"@context":"https:\/\/schema.org","@graph":[{"@type":"WebPage","@id":"http:\/\/www.waldforscher.at\/?page_id=380","url":"http:\/\/www.waldforscher.at\/?page_id=380","name":"Pflanzen bestimmen - Waldforscher.at","isPartOf":{"@id":"http:\/\/www.waldforscher.at\/#website"},"primaryImageOfPage":{"@id":"http:\/\/www.waldforscher.at\/?page_id=380#primaryimage"},"image":{"@id":"http:\/\/www.waldforscher.at\/?page_id=380#primaryimage"},"thumbnailUrl":"http:\/\/www.waldforscher.at\/wp-content\/uploads\/2014\/12\/Beinwell-300x199.jpg","datePublished":"2014-12-14T17:33:58+00:00","dateModified":"2016-06-22T08:59:56+00:00","breadcrumb":{"@id":"http:\/\/www.waldforscher.at\/?page_id=380#breadcrumb"},"inLanguage":"de","potentialAction":[{"@type":"ReadAction","target":["http:\/\/www.waldforscher.at\/?page_id=380"]}]},{"@type":"ImageObject","inLanguage":"de","@id":"http:\/\/www.waldforscher.at\/?page_id=380#primaryimage","url":"http:\/\/www.waldforscher.at\/wp-content\/uploads\/2014\/12\/Beinwell.jpg","contentUrl":"http:\/\/www.waldforscher.at\/wp-content\/uploads\/2014\/12\/Beinwell.jpg","width":800,"height":533},{"@type":"BreadcrumbList","@id":"http:\/\/www.waldforscher.at\/?page_id=380#breadcrumb","itemListElement":[{"@type":"ListItem","position":1,"name":"Home","item":"http:\/\/www.waldforscher.at\/"},{"@type":"ListItem","position":2,"name":"Programm\u00fcbersicht","item":"http:\/\/www.waldforscher.at\/?page_id=270"},{"@type":"ListItem","position":3,"name":"Pflanzen bestimmen"}]},{"@type":"WebSite","@id":"http:\/\/www.waldforscher.at\/#website","url":"http:\/\/www.waldforscher.at\/","name":"Waldforscher.at","description":"Waldp\u00e4dagogik und Walderlebnistag Forstverwaltung Kleimariazell","publisher":{"@id":"http:\/\/www.waldforscher.at\/#organization"},"potentialAction":[{"@type":"SearchAction","target":{"@type":"EntryPoint","urlTemplate":"http:\/\/www.waldforscher.at\/?s={search_term_string}"},"query-input":{"@type":"PropertyValueSpecification","valueRequired":true,"valueName":"search_term_string"}}],"inLanguage":"de"},{"@type":"Organization","@id":"http:\/\/www.waldforscher.at\/#organization","name":"Waldforscher.at","url":"http:\/\/www.waldforscher.at\/","logo":{"@type":"ImageObject","inLanguage":"de","@id":"http:\/\/www.waldforscher.at\/#\/schema\/logo\/image\/","url":"http:\/\/www.waldforscher.at\/wp-content\/uploads\/2017\/01\/Logo_WaldforscherInnen_5.png","contentUrl":"http:\/\/www.waldforscher.at\/wp-content\/uploads\/2017\/01\/Logo_WaldforscherInnen_5.png","width":608,"height":602,"caption":"Waldforscher.at"},"image":{"@id":"http:\/\/www.waldforscher.at\/#\/schema\/logo\/image\/"},"sameAs":["https:\/\/www.facebook.com\/waldforscher\/","https:\/\/www.youtube.com\/channel\/UCMn2x_MY1UIU6nQUvZ4-RVA"]}]}},"jetpack_sharing_enabled":true,"jetpack_shortlink":"https:\/\/wp.me\/P5ngwf-68","_links":{"self":[{"href":"http:\/\/www.waldforscher.at\/index.php?rest_route=\/wp\/v2\/pages\/380","targetHints":{"allow":["GET"]}}],"collection":[{"href":"http:\/\/www.waldforscher.at\/index.php?rest_route=\/wp\/v2\/pages"}],"about":[{"href":"http:\/\/www.waldforscher.at\/index.php?rest_route=\/wp\/v2\/types\/page"}],"author":[{"embeddable":true,"href":"http:\/\/www.waldforscher.at\/index.php?rest_route=\/wp\/v2\/users\/5"}],"replies":[{"embeddable":true,"href":"http:\/\/www.waldforscher.at\/index.php?rest_route=%2Fwp%2Fv2%2Fcomments&post=380"}],"version-history":[{"count":3,"href":"http:\/\/www.waldforscher.at\/index.php?rest_route=\/wp\/v2\/pages\/380\/revisions"}],"predecessor-version":[{"id":465,"href":"http:\/\/www.waldforscher.at\/index.php?rest_route=\/wp\/v2\/pages\/380\/revisions\/465"}],"up":[{"embeddable":true,"href":"http:\/\/www.waldforscher.at\/index.php?rest_route=\/wp\/v2\/pages\/270"}],"wp:attachment":[{"href":"http:\/\/www.waldforscher.at\/index.php?rest_route=%2Fwp%2Fv2%2Fmedia&parent=380"}],"curies":[{"name":"wp","href":"https:\/\/api.w.org\/{rel}","templated":true}]}}