{"id":366,"date":"2014-12-14T18:12:00","date_gmt":"2014-12-14T17:12:00","guid":{"rendered":"http:\/\/www.waldforscher.at\/?page_id=366"},"modified":"2014-12-14T18:12:00","modified_gmt":"2014-12-14T17:12:00","slug":"wald-als-kueche-und-giftkueche","status":"publish","type":"page","link":"http:\/\/www.waldforscher.at\/?page_id=366","title":{"rendered":"Wald als K\u00fcche und Giftk\u00fcche"},"content":{"rendered":"<p><a href=\"http:\/\/www.waldforscher.at\/wp-content\/uploads\/2014\/12\/B\u00e4rlauch.jpg\"><img loading=\"lazy\" decoding=\"async\" data-attachment-id=\"347\" data-permalink=\"http:\/\/www.waldforscher.at\/?attachment_id=347\" data-orig-file=\"http:\/\/www.waldforscher.at\/wp-content\/uploads\/2014\/12\/B\u00e4rlauch.jpg\" data-orig-size=\"800,1200\" data-comments-opened=\"1\" data-image-meta=\"{&quot;aperture&quot;:&quot;4.8&quot;,&quot;credit&quot;:&quot;&quot;,&quot;camera&quot;:&quot;SAMSUNG WB500, WB510 \/ VLUU WB500 \/ SAMSUNG HZ10W&quot;,&quot;caption&quot;:&quot;&quot;,&quot;created_timestamp&quot;:&quot;1274603138&quot;,&quot;copyright&quot;:&quot;COPYRIGHT, 2007&quot;,&quot;focal_length&quot;:&quot;10.5&quot;,&quot;iso&quot;:&quot;100&quot;,&quot;shutter_speed&quot;:&quot;0.011111111111111&quot;,&quot;title&quot;:&quot;SAMSUNG DIGITAL CAMERA&quot;,&quot;orientation&quot;:&quot;1&quot;}\" data-image-title=\"SAMSUNG DIGITAL CAMERA\" data-image-description=\"\" data-image-caption=\"\" data-large-file=\"http:\/\/www.waldforscher.at\/wp-content\/uploads\/2014\/12\/B\u00e4rlauch-682x1024.jpg\" class=\"alignnone size-medium wp-image-347\" src=\"http:\/\/www.waldforscher.at\/wp-content\/uploads\/2014\/12\/B\u00e4rlauch-200x300.jpg\" alt=\"SAMSUNG DIGITAL CAMERA\" width=\"200\" height=\"300\" srcset=\"http:\/\/www.waldforscher.at\/wp-content\/uploads\/2014\/12\/B\u00e4rlauch-200x300.jpg 200w, http:\/\/www.waldforscher.at\/wp-content\/uploads\/2014\/12\/B\u00e4rlauch-682x1024.jpg 682w, http:\/\/www.waldforscher.at\/wp-content\/uploads\/2014\/12\/B\u00e4rlauch.jpg 800w\" sizes=\"auto, (max-width: 200px) 100vw, 200px\" \/><\/a><a href=\"http:\/\/www.waldforscher.at\/wp-content\/uploads\/2014\/12\/Schopftintlinge8.jpg\"><img loading=\"lazy\" decoding=\"async\" data-attachment-id=\"346\" data-permalink=\"http:\/\/www.waldforscher.at\/?attachment_id=346\" data-orig-file=\"http:\/\/www.waldforscher.at\/wp-content\/uploads\/2014\/12\/Schopftintlinge8.jpg\" data-orig-size=\"800,1200\" data-comments-opened=\"1\" data-image-meta=\"{&quot;aperture&quot;:&quot;9&quot;,&quot;credit&quot;:&quot;&quot;,&quot;camera&quot;:&quot;Canon EOS 300D DIGITAL&quot;,&quot;caption&quot;:&quot;&quot;,&quot;created_timestamp&quot;:&quot;1096797537&quot;,&quot;copyright&quot;:&quot;&quot;,&quot;focal_length&quot;:&quot;32&quot;,&quot;iso&quot;:&quot;200&quot;,&quot;shutter_speed&quot;:&quot;0.033333333333333&quot;,&quot;title&quot;:&quot;&quot;,&quot;orientation&quot;:&quot;1&quot;}\" data-image-title=\"Schopftintlinge8\" data-image-description=\"\" data-image-caption=\"\" data-large-file=\"http:\/\/www.waldforscher.at\/wp-content\/uploads\/2014\/12\/Schopftintlinge8-682x1024.jpg\" class=\"alignnone size-medium wp-image-346\" src=\"http:\/\/www.waldforscher.at\/wp-content\/uploads\/2014\/12\/Schopftintlinge8-200x300.jpg\" alt=\"Schopftintlinge8\" width=\"200\" height=\"300\" srcset=\"http:\/\/www.waldforscher.at\/wp-content\/uploads\/2014\/12\/Schopftintlinge8-200x300.jpg 200w, http:\/\/www.waldforscher.at\/wp-content\/uploads\/2014\/12\/Schopftintlinge8-682x1024.jpg 682w, http:\/\/www.waldforscher.at\/wp-content\/uploads\/2014\/12\/Schopftintlinge8.jpg 800w\" sizes=\"auto, (max-width: 200px) 100vw, 200px\" \/><\/a><\/p>\n<p>Kann man sich im Wald ern\u00e4hren? Was kann man alles k\u00f6stliches im Wald finden? Jede Jahreszeiten bietet unerwartete Zutaten, aus dem man gute Speisen und Getr\u00e4nke erstellen kann!<\/p>\n<p>Aber halt, nicht alles kann man bedenkenlos essen, manches im Wald ist auch giftig und Vorsicht ist geboten!<\/p>\n<p>Wir zeigen euch geschmackvolles und gef\u00e4hrliches, denn wer Bescheid wei\u00df, dem er\u00f6ffnet sich ein ganz neues Erlebnis im Wald!<\/p>\n","protected":false},"excerpt":{"rendered":"<p>Kann man sich im Wald ern\u00e4hren? Was kann man alles k\u00f6stliches im Wald finden? Jede Jahreszeiten bietet unerwartete Zutaten, aus dem man gute Speisen und Getr\u00e4nke erstellen kann! Aber halt, nicht alles kann man bedenkenlos essen, manches im Wald ist auch giftig und Vorsicht ist geboten! Wir zeigen euch geschmackvolles und gef\u00e4hrliches, denn wer Bescheid wei\u00df, dem er\u00f6ffnet sich ein ganz neues Erlebnis im Wald!<\/p>\n<a class=\"more-link\" rel=\"nofollow\" href=\"http:\/\/www.waldforscher.at\/?page_id=366\">[Weiterlesen...]<\/a>","protected":false},"author":5,"featured_media":0,"parent":270,"menu_order":0,"comment_status":"open","ping_status":"open","template":"","meta":{"_exactmetrics_skip_tracking":false,"_exactmetrics_sitenote_active":false,"_exactmetrics_sitenote_note":"","_exactmetrics_sitenote_category":0,"ngg_post_thumbnail":0,"jetpack_post_was_ever_published":false,"footnotes":""},"class_list":["post-366","page","type-page","status-publish","hentry"],"yoast_head":"<!-- This site is optimized with the Yoast SEO plugin v27.5 - https:\/\/yoast.com\/product\/yoast-seo-wordpress\/ -->\n<title>Wald als K\u00fcche und Giftk\u00fcche - Waldforscher.at<\/title>\n<meta name=\"robots\" content=\"index, follow, max-snippet:-1, max-image-preview:large, max-video-preview:-1\" \/>\n<link rel=\"canonical\" href=\"http:\/\/www.waldforscher.at\/?page_id=366\" \/>\n<meta property=\"og:locale\" content=\"de_DE\" \/>\n<meta property=\"og:type\" content=\"article\" \/>\n<meta property=\"og:title\" content=\"Wald als K\u00fcche und Giftk\u00fcche - Waldforscher.at\" \/>\n<meta property=\"og:description\" content=\"Kann man sich im Wald ern\u00e4hren? Was kann man alles k\u00f6stliches im Wald finden? Jede Jahreszeiten bietet unerwartete Zutaten, aus dem man gute Speisen und Getr\u00e4nke erstellen kann! Aber halt, nicht alles kann man bedenkenlos essen, manches im Wald ist auch giftig und Vorsicht ist geboten! Wir zeigen euch geschmackvolles und gef\u00e4hrliches, denn wer Bescheid wei\u00df, dem er\u00f6ffnet sich ein ganz neues Erlebnis im Wald!\" \/>\n<meta property=\"og:url\" content=\"http:\/\/www.waldforscher.at\/?page_id=366\" \/>\n<meta property=\"og:site_name\" content=\"Waldforscher.at\" \/>\n<meta property=\"article:publisher\" content=\"https:\/\/www.facebook.com\/waldforscher\/\" \/>\n<meta property=\"og:image\" content=\"http:\/\/www.waldforscher.at\/wp-content\/uploads\/2014\/12\/B\u00e4rlauch-200x300.jpg\" \/>\n<meta name=\"twitter:card\" content=\"summary_large_image\" \/>\n<script type=\"application\/ld+json\" class=\"yoast-schema-graph\">{\"@context\":\"https:\\\/\\\/schema.org\",\"@graph\":[{\"@type\":\"WebPage\",\"@id\":\"http:\\\/\\\/www.waldforscher.at\\\/?page_id=366\",\"url\":\"http:\\\/\\\/www.waldforscher.at\\\/?page_id=366\",\"name\":\"Wald als K\u00fcche und Giftk\u00fcche - Waldforscher.at\",\"isPartOf\":{\"@id\":\"http:\\\/\\\/www.waldforscher.at\\\/#website\"},\"primaryImageOfPage\":{\"@id\":\"http:\\\/\\\/www.waldforscher.at\\\/?page_id=366#primaryimage\"},\"image\":{\"@id\":\"http:\\\/\\\/www.waldforscher.at\\\/?page_id=366#primaryimage\"},\"thumbnailUrl\":\"http:\\\/\\\/www.waldforscher.at\\\/wp-content\\\/uploads\\\/2014\\\/12\\\/Schopftintlinge8-200x300.jpg\",\"datePublished\":\"2014-12-14T17:12:00+00:00\",\"breadcrumb\":{\"@id\":\"http:\\\/\\\/www.waldforscher.at\\\/?page_id=366#breadcrumb\"},\"inLanguage\":\"de\",\"potentialAction\":[{\"@type\":\"ReadAction\",\"target\":[\"http:\\\/\\\/www.waldforscher.at\\\/?page_id=366\"]}]},{\"@type\":\"ImageObject\",\"inLanguage\":\"de\",\"@id\":\"http:\\\/\\\/www.waldforscher.at\\\/?page_id=366#primaryimage\",\"url\":\"http:\\\/\\\/www.waldforscher.at\\\/wp-content\\\/uploads\\\/2014\\\/12\\\/Schopftintlinge8.jpg\",\"contentUrl\":\"http:\\\/\\\/www.waldforscher.at\\\/wp-content\\\/uploads\\\/2014\\\/12\\\/Schopftintlinge8.jpg\",\"width\":800,\"height\":1200},{\"@type\":\"BreadcrumbList\",\"@id\":\"http:\\\/\\\/www.waldforscher.at\\\/?page_id=366#breadcrumb\",\"itemListElement\":[{\"@type\":\"ListItem\",\"position\":1,\"name\":\"Home\",\"item\":\"http:\\\/\\\/www.waldforscher.at\\\/\"},{\"@type\":\"ListItem\",\"position\":2,\"name\":\"Programm\u00fcbersicht\",\"item\":\"http:\\\/\\\/www.waldforscher.at\\\/?page_id=270\"},{\"@type\":\"ListItem\",\"position\":3,\"name\":\"Wald als K\u00fcche und Giftk\u00fcche\"}]},{\"@type\":\"WebSite\",\"@id\":\"http:\\\/\\\/www.waldforscher.at\\\/#website\",\"url\":\"http:\\\/\\\/www.waldforscher.at\\\/\",\"name\":\"Waldforscher.at\",\"description\":\"Waldp\u00e4dagogik und Walderlebnistag Forstverwaltung Kleimariazell\",\"publisher\":{\"@id\":\"http:\\\/\\\/www.waldforscher.at\\\/#organization\"},\"potentialAction\":[{\"@type\":\"SearchAction\",\"target\":{\"@type\":\"EntryPoint\",\"urlTemplate\":\"http:\\\/\\\/www.waldforscher.at\\\/?s={search_term_string}\"},\"query-input\":{\"@type\":\"PropertyValueSpecification\",\"valueRequired\":true,\"valueName\":\"search_term_string\"}}],\"inLanguage\":\"de\"},{\"@type\":\"Organization\",\"@id\":\"http:\\\/\\\/www.waldforscher.at\\\/#organization\",\"name\":\"Waldforscher.at\",\"url\":\"http:\\\/\\\/www.waldforscher.at\\\/\",\"logo\":{\"@type\":\"ImageObject\",\"inLanguage\":\"de\",\"@id\":\"http:\\\/\\\/www.waldforscher.at\\\/#\\\/schema\\\/logo\\\/image\\\/\",\"url\":\"http:\\\/\\\/www.waldforscher.at\\\/wp-content\\\/uploads\\\/2017\\\/01\\\/Logo_WaldforscherInnen_5.png\",\"contentUrl\":\"http:\\\/\\\/www.waldforscher.at\\\/wp-content\\\/uploads\\\/2017\\\/01\\\/Logo_WaldforscherInnen_5.png\",\"width\":608,\"height\":602,\"caption\":\"Waldforscher.at\"},\"image\":{\"@id\":\"http:\\\/\\\/www.waldforscher.at\\\/#\\\/schema\\\/logo\\\/image\\\/\"},\"sameAs\":[\"https:\\\/\\\/www.facebook.com\\\/waldforscher\\\/\",\"https:\\\/\\\/www.youtube.com\\\/channel\\\/UCMn2x_MY1UIU6nQUvZ4-RVA\"]}]}<\/script>\n<!-- \/ Yoast SEO plugin. -->","yoast_head_json":{"title":"Wald als K\u00fcche und Giftk\u00fcche - Waldforscher.at","robots":{"index":"index","follow":"follow","max-snippet":"max-snippet:-1","max-image-preview":"max-image-preview:large","max-video-preview":"max-video-preview:-1"},"canonical":"http:\/\/www.waldforscher.at\/?page_id=366","og_locale":"de_DE","og_type":"article","og_title":"Wald als K\u00fcche und Giftk\u00fcche - Waldforscher.at","og_description":"Kann man sich im Wald ern\u00e4hren? Was kann man alles k\u00f6stliches im Wald finden? Jede Jahreszeiten bietet unerwartete Zutaten, aus dem man gute Speisen und Getr\u00e4nke erstellen kann! Aber halt, nicht alles kann man bedenkenlos essen, manches im Wald ist auch giftig und Vorsicht ist geboten! Wir zeigen euch geschmackvolles und gef\u00e4hrliches, denn wer Bescheid wei\u00df, dem er\u00f6ffnet sich ein ganz neues Erlebnis im Wald!","og_url":"http:\/\/www.waldforscher.at\/?page_id=366","og_site_name":"Waldforscher.at","article_publisher":"https:\/\/www.facebook.com\/waldforscher\/","og_image":[{"url":"http:\/\/www.waldforscher.at\/wp-content\/uploads\/2014\/12\/B\u00e4rlauch-200x300.jpg","type":"","width":"","height":""}],"twitter_card":"summary_large_image","schema":{"@context":"https:\/\/schema.org","@graph":[{"@type":"WebPage","@id":"http:\/\/www.waldforscher.at\/?page_id=366","url":"http:\/\/www.waldforscher.at\/?page_id=366","name":"Wald als K\u00fcche und Giftk\u00fcche - Waldforscher.at","isPartOf":{"@id":"http:\/\/www.waldforscher.at\/#website"},"primaryImageOfPage":{"@id":"http:\/\/www.waldforscher.at\/?page_id=366#primaryimage"},"image":{"@id":"http:\/\/www.waldforscher.at\/?page_id=366#primaryimage"},"thumbnailUrl":"http:\/\/www.waldforscher.at\/wp-content\/uploads\/2014\/12\/Schopftintlinge8-200x300.jpg","datePublished":"2014-12-14T17:12:00+00:00","breadcrumb":{"@id":"http:\/\/www.waldforscher.at\/?page_id=366#breadcrumb"},"inLanguage":"de","potentialAction":[{"@type":"ReadAction","target":["http:\/\/www.waldforscher.at\/?page_id=366"]}]},{"@type":"ImageObject","inLanguage":"de","@id":"http:\/\/www.waldforscher.at\/?page_id=366#primaryimage","url":"http:\/\/www.waldforscher.at\/wp-content\/uploads\/2014\/12\/Schopftintlinge8.jpg","contentUrl":"http:\/\/www.waldforscher.at\/wp-content\/uploads\/2014\/12\/Schopftintlinge8.jpg","width":800,"height":1200},{"@type":"BreadcrumbList","@id":"http:\/\/www.waldforscher.at\/?page_id=366#breadcrumb","itemListElement":[{"@type":"ListItem","position":1,"name":"Home","item":"http:\/\/www.waldforscher.at\/"},{"@type":"ListItem","position":2,"name":"Programm\u00fcbersicht","item":"http:\/\/www.waldforscher.at\/?page_id=270"},{"@type":"ListItem","position":3,"name":"Wald als K\u00fcche und Giftk\u00fcche"}]},{"@type":"WebSite","@id":"http:\/\/www.waldforscher.at\/#website","url":"http:\/\/www.waldforscher.at\/","name":"Waldforscher.at","description":"Waldp\u00e4dagogik und Walderlebnistag Forstverwaltung Kleimariazell","publisher":{"@id":"http:\/\/www.waldforscher.at\/#organization"},"potentialAction":[{"@type":"SearchAction","target":{"@type":"EntryPoint","urlTemplate":"http:\/\/www.waldforscher.at\/?s={search_term_string}"},"query-input":{"@type":"PropertyValueSpecification","valueRequired":true,"valueName":"search_term_string"}}],"inLanguage":"de"},{"@type":"Organization","@id":"http:\/\/www.waldforscher.at\/#organization","name":"Waldforscher.at","url":"http:\/\/www.waldforscher.at\/","logo":{"@type":"ImageObject","inLanguage":"de","@id":"http:\/\/www.waldforscher.at\/#\/schema\/logo\/image\/","url":"http:\/\/www.waldforscher.at\/wp-content\/uploads\/2017\/01\/Logo_WaldforscherInnen_5.png","contentUrl":"http:\/\/www.waldforscher.at\/wp-content\/uploads\/2017\/01\/Logo_WaldforscherInnen_5.png","width":608,"height":602,"caption":"Waldforscher.at"},"image":{"@id":"http:\/\/www.waldforscher.at\/#\/schema\/logo\/image\/"},"sameAs":["https:\/\/www.facebook.com\/waldforscher\/","https:\/\/www.youtube.com\/channel\/UCMn2x_MY1UIU6nQUvZ4-RVA"]}]}},"jetpack_sharing_enabled":true,"jetpack_shortlink":"https:\/\/wp.me\/P5ngwf-5U","_links":{"self":[{"href":"http:\/\/www.waldforscher.at\/index.php?rest_route=\/wp\/v2\/pages\/366","targetHints":{"allow":["GET"]}}],"collection":[{"href":"http:\/\/www.waldforscher.at\/index.php?rest_route=\/wp\/v2\/pages"}],"about":[{"href":"http:\/\/www.waldforscher.at\/index.php?rest_route=\/wp\/v2\/types\/page"}],"author":[{"embeddable":true,"href":"http:\/\/www.waldforscher.at\/index.php?rest_route=\/wp\/v2\/users\/5"}],"replies":[{"embeddable":true,"href":"http:\/\/www.waldforscher.at\/index.php?rest_route=%2Fwp%2Fv2%2Fcomments&post=366"}],"version-history":[{"count":1,"href":"http:\/\/www.waldforscher.at\/index.php?rest_route=\/wp\/v2\/pages\/366\/revisions"}],"predecessor-version":[{"id":367,"href":"http:\/\/www.waldforscher.at\/index.php?rest_route=\/wp\/v2\/pages\/366\/revisions\/367"}],"up":[{"embeddable":true,"href":"http:\/\/www.waldforscher.at\/index.php?rest_route=\/wp\/v2\/pages\/270"}],"wp:attachment":[{"href":"http:\/\/www.waldforscher.at\/index.php?rest_route=%2Fwp%2Fv2%2Fmedia&parent=366"}],"curies":[{"name":"wp","href":"https:\/\/api.w.org\/{rel}","templated":true}]}}