{"id":359,"date":"2014-12-14T17:59:09","date_gmt":"2014-12-14T16:59:09","guid":{"rendered":"http:\/\/www.waldforscher.at\/?page_id=359"},"modified":"2014-12-15T15:21:18","modified_gmt":"2014-12-15T14:21:18","slug":"forsttechnik","status":"publish","type":"page","link":"http:\/\/www.waldforscher.at\/?page_id=359","title":{"rendered":"Bohren, F\u00e4llen, S\u00e4gen  \u2013 hier wird gearbeitet!"},"content":{"rendered":"<p><a href=\"http:\/\/www.waldforscher.at\/wp-content\/uploads\/2014\/12\/Forsttechnik1.jpg\"><img loading=\"lazy\" decoding=\"async\" data-attachment-id=\"342\" data-permalink=\"http:\/\/www.waldforscher.at\/?attachment_id=342\" data-orig-file=\"http:\/\/www.waldforscher.at\/wp-content\/uploads\/2014\/12\/Forsttechnik1.jpg\" data-orig-size=\"800,533\" data-comments-opened=\"1\" data-image-meta=\"{&quot;aperture&quot;:&quot;11&quot;,&quot;credit&quot;:&quot;&quot;,&quot;camera&quot;:&quot;Canon EOS 60D&quot;,&quot;caption&quot;:&quot;&quot;,&quot;created_timestamp&quot;:&quot;1410007713&quot;,&quot;copyright&quot;:&quot;&quot;,&quot;focal_length&quot;:&quot;18&quot;,&quot;iso&quot;:&quot;250&quot;,&quot;shutter_speed&quot;:&quot;0.00625&quot;,&quot;title&quot;:&quot;&quot;,&quot;orientation&quot;:&quot;1&quot;}\" data-image-title=\"Forsttechnik1\" data-image-description=\"\" data-image-caption=\"\" data-large-file=\"http:\/\/www.waldforscher.at\/wp-content\/uploads\/2014\/12\/Forsttechnik1.jpg\" class=\"alignnone size-medium wp-image-342\" src=\"http:\/\/www.waldforscher.at\/wp-content\/uploads\/2014\/12\/Forsttechnik1-300x199.jpg\" alt=\"Forsttechnik1\" width=\"300\" height=\"199\" srcset=\"http:\/\/www.waldforscher.at\/wp-content\/uploads\/2014\/12\/Forsttechnik1-300x199.jpg 300w, http:\/\/www.waldforscher.at\/wp-content\/uploads\/2014\/12\/Forsttechnik1.jpg 800w\" sizes=\"auto, (max-width: 300px) 100vw, 300px\" \/><\/a><\/p>\n<p>Wie wird ein Baum gef\u00e4llt? Welche Schutzma\u00dfnahmen sind notwendig? Wie pflegt man den Wald? Auf- und Durchforsten, Jungwuchspflege, Wertastung, Baumf\u00e4llung &#8211; die forsttechnischen Arbeiten im Wald! Au\u00dferdem entnehmen wir Zuwachsbohrkerne und lesen in ihnen.<\/p>\n","protected":false},"excerpt":{"rendered":"<p>Wie wird ein Baum gef\u00e4llt? Welche Schutzma\u00dfnahmen sind notwendig? Wie pflegt man den Wald? Auf- und Durchforsten, Jungwuchspflege, Wertastung, Baumf\u00e4llung &#8211; die forsttechnischen Arbeiten im Wald! Au\u00dferdem entnehmen wir Zuwachsbohrkerne und lesen in ihnen.<\/p>\n<a class=\"more-link\" rel=\"nofollow\" href=\"http:\/\/www.waldforscher.at\/?page_id=359\">[Weiterlesen...]<\/a>","protected":false},"author":5,"featured_media":0,"parent":270,"menu_order":0,"comment_status":"open","ping_status":"open","template":"","meta":{"_exactmetrics_skip_tracking":false,"_exactmetrics_sitenote_active":false,"_exactmetrics_sitenote_note":"","_exactmetrics_sitenote_category":0,"ngg_post_thumbnail":0,"jetpack_post_was_ever_published":false,"footnotes":""},"class_list":["post-359","page","type-page","status-publish","hentry"],"yoast_head":"<!-- This site is optimized with the Yoast SEO plugin v27.5 - https:\/\/yoast.com\/product\/yoast-seo-wordpress\/ -->\n<title>Bohren, F\u00e4llen, S\u00e4gen \u2013 hier wird gearbeitet! - Waldforscher.at<\/title>\n<meta name=\"robots\" content=\"index, follow, max-snippet:-1, max-image-preview:large, max-video-preview:-1\" \/>\n<link rel=\"canonical\" href=\"http:\/\/www.waldforscher.at\/?page_id=359\" \/>\n<meta property=\"og:locale\" content=\"de_DE\" \/>\n<meta property=\"og:type\" content=\"article\" \/>\n<meta property=\"og:title\" content=\"Bohren, F\u00e4llen, S\u00e4gen \u2013 hier wird gearbeitet! - Waldforscher.at\" \/>\n<meta property=\"og:description\" content=\"Wie wird ein Baum gef\u00e4llt? Welche Schutzma\u00dfnahmen sind notwendig? Wie pflegt man den Wald? Auf- und Durchforsten, Jungwuchspflege, Wertastung, Baumf\u00e4llung &#8211; die forsttechnischen Arbeiten im Wald! Au\u00dferdem entnehmen wir Zuwachsbohrkerne und lesen in ihnen.\" \/>\n<meta property=\"og:url\" content=\"http:\/\/www.waldforscher.at\/?page_id=359\" \/>\n<meta property=\"og:site_name\" content=\"Waldforscher.at\" \/>\n<meta property=\"article:publisher\" content=\"https:\/\/www.facebook.com\/waldforscher\/\" \/>\n<meta property=\"article:modified_time\" content=\"2014-12-15T14:21:18+00:00\" \/>\n<meta property=\"og:image\" content=\"http:\/\/www.waldforscher.at\/wp-content\/uploads\/2014\/12\/Forsttechnik1-300x199.jpg\" \/>\n<meta name=\"twitter:card\" content=\"summary_large_image\" \/>\n<script type=\"application\/ld+json\" class=\"yoast-schema-graph\">{\"@context\":\"https:\\\/\\\/schema.org\",\"@graph\":[{\"@type\":\"WebPage\",\"@id\":\"http:\\\/\\\/www.waldforscher.at\\\/?page_id=359\",\"url\":\"http:\\\/\\\/www.waldforscher.at\\\/?page_id=359\",\"name\":\"Bohren, F\u00e4llen, S\u00e4gen \u2013 hier wird gearbeitet! - Waldforscher.at\",\"isPartOf\":{\"@id\":\"http:\\\/\\\/www.waldforscher.at\\\/#website\"},\"primaryImageOfPage\":{\"@id\":\"http:\\\/\\\/www.waldforscher.at\\\/?page_id=359#primaryimage\"},\"image\":{\"@id\":\"http:\\\/\\\/www.waldforscher.at\\\/?page_id=359#primaryimage\"},\"thumbnailUrl\":\"http:\\\/\\\/www.waldforscher.at\\\/wp-content\\\/uploads\\\/2014\\\/12\\\/Forsttechnik1-300x199.jpg\",\"datePublished\":\"2014-12-14T16:59:09+00:00\",\"dateModified\":\"2014-12-15T14:21:18+00:00\",\"breadcrumb\":{\"@id\":\"http:\\\/\\\/www.waldforscher.at\\\/?page_id=359#breadcrumb\"},\"inLanguage\":\"de\",\"potentialAction\":[{\"@type\":\"ReadAction\",\"target\":[\"http:\\\/\\\/www.waldforscher.at\\\/?page_id=359\"]}]},{\"@type\":\"ImageObject\",\"inLanguage\":\"de\",\"@id\":\"http:\\\/\\\/www.waldforscher.at\\\/?page_id=359#primaryimage\",\"url\":\"http:\\\/\\\/www.waldforscher.at\\\/wp-content\\\/uploads\\\/2014\\\/12\\\/Forsttechnik1.jpg\",\"contentUrl\":\"http:\\\/\\\/www.waldforscher.at\\\/wp-content\\\/uploads\\\/2014\\\/12\\\/Forsttechnik1.jpg\",\"width\":800,\"height\":533,\"caption\":\"Forsttechnik\"},{\"@type\":\"BreadcrumbList\",\"@id\":\"http:\\\/\\\/www.waldforscher.at\\\/?page_id=359#breadcrumb\",\"itemListElement\":[{\"@type\":\"ListItem\",\"position\":1,\"name\":\"Home\",\"item\":\"http:\\\/\\\/www.waldforscher.at\\\/\"},{\"@type\":\"ListItem\",\"position\":2,\"name\":\"Programm\u00fcbersicht\",\"item\":\"http:\\\/\\\/www.waldforscher.at\\\/?page_id=270\"},{\"@type\":\"ListItem\",\"position\":3,\"name\":\"Bohren, F\u00e4llen, S\u00e4gen \u2013 hier wird gearbeitet!\"}]},{\"@type\":\"WebSite\",\"@id\":\"http:\\\/\\\/www.waldforscher.at\\\/#website\",\"url\":\"http:\\\/\\\/www.waldforscher.at\\\/\",\"name\":\"Waldforscher.at\",\"description\":\"Waldp\u00e4dagogik und Walderlebnistag Forstverwaltung Kleimariazell\",\"publisher\":{\"@id\":\"http:\\\/\\\/www.waldforscher.at\\\/#organization\"},\"potentialAction\":[{\"@type\":\"SearchAction\",\"target\":{\"@type\":\"EntryPoint\",\"urlTemplate\":\"http:\\\/\\\/www.waldforscher.at\\\/?s={search_term_string}\"},\"query-input\":{\"@type\":\"PropertyValueSpecification\",\"valueRequired\":true,\"valueName\":\"search_term_string\"}}],\"inLanguage\":\"de\"},{\"@type\":\"Organization\",\"@id\":\"http:\\\/\\\/www.waldforscher.at\\\/#organization\",\"name\":\"Waldforscher.at\",\"url\":\"http:\\\/\\\/www.waldforscher.at\\\/\",\"logo\":{\"@type\":\"ImageObject\",\"inLanguage\":\"de\",\"@id\":\"http:\\\/\\\/www.waldforscher.at\\\/#\\\/schema\\\/logo\\\/image\\\/\",\"url\":\"http:\\\/\\\/www.waldforscher.at\\\/wp-content\\\/uploads\\\/2017\\\/01\\\/Logo_WaldforscherInnen_5.png\",\"contentUrl\":\"http:\\\/\\\/www.waldforscher.at\\\/wp-content\\\/uploads\\\/2017\\\/01\\\/Logo_WaldforscherInnen_5.png\",\"width\":608,\"height\":602,\"caption\":\"Waldforscher.at\"},\"image\":{\"@id\":\"http:\\\/\\\/www.waldforscher.at\\\/#\\\/schema\\\/logo\\\/image\\\/\"},\"sameAs\":[\"https:\\\/\\\/www.facebook.com\\\/waldforscher\\\/\",\"https:\\\/\\\/www.youtube.com\\\/channel\\\/UCMn2x_MY1UIU6nQUvZ4-RVA\"]}]}<\/script>\n<!-- \/ Yoast SEO plugin. -->","yoast_head_json":{"title":"Bohren, F\u00e4llen, S\u00e4gen \u2013 hier wird gearbeitet! - Waldforscher.at","robots":{"index":"index","follow":"follow","max-snippet":"max-snippet:-1","max-image-preview":"max-image-preview:large","max-video-preview":"max-video-preview:-1"},"canonical":"http:\/\/www.waldforscher.at\/?page_id=359","og_locale":"de_DE","og_type":"article","og_title":"Bohren, F\u00e4llen, S\u00e4gen \u2013 hier wird gearbeitet! - Waldforscher.at","og_description":"Wie wird ein Baum gef\u00e4llt? Welche Schutzma\u00dfnahmen sind notwendig? Wie pflegt man den Wald? Auf- und Durchforsten, Jungwuchspflege, Wertastung, Baumf\u00e4llung &#8211; die forsttechnischen Arbeiten im Wald! Au\u00dferdem entnehmen wir Zuwachsbohrkerne und lesen in ihnen.","og_url":"http:\/\/www.waldforscher.at\/?page_id=359","og_site_name":"Waldforscher.at","article_publisher":"https:\/\/www.facebook.com\/waldforscher\/","article_modified_time":"2014-12-15T14:21:18+00:00","og_image":[{"url":"http:\/\/www.waldforscher.at\/wp-content\/uploads\/2014\/12\/Forsttechnik1-300x199.jpg","type":"","width":"","height":""}],"twitter_card":"summary_large_image","schema":{"@context":"https:\/\/schema.org","@graph":[{"@type":"WebPage","@id":"http:\/\/www.waldforscher.at\/?page_id=359","url":"http:\/\/www.waldforscher.at\/?page_id=359","name":"Bohren, F\u00e4llen, S\u00e4gen \u2013 hier wird gearbeitet! - Waldforscher.at","isPartOf":{"@id":"http:\/\/www.waldforscher.at\/#website"},"primaryImageOfPage":{"@id":"http:\/\/www.waldforscher.at\/?page_id=359#primaryimage"},"image":{"@id":"http:\/\/www.waldforscher.at\/?page_id=359#primaryimage"},"thumbnailUrl":"http:\/\/www.waldforscher.at\/wp-content\/uploads\/2014\/12\/Forsttechnik1-300x199.jpg","datePublished":"2014-12-14T16:59:09+00:00","dateModified":"2014-12-15T14:21:18+00:00","breadcrumb":{"@id":"http:\/\/www.waldforscher.at\/?page_id=359#breadcrumb"},"inLanguage":"de","potentialAction":[{"@type":"ReadAction","target":["http:\/\/www.waldforscher.at\/?page_id=359"]}]},{"@type":"ImageObject","inLanguage":"de","@id":"http:\/\/www.waldforscher.at\/?page_id=359#primaryimage","url":"http:\/\/www.waldforscher.at\/wp-content\/uploads\/2014\/12\/Forsttechnik1.jpg","contentUrl":"http:\/\/www.waldforscher.at\/wp-content\/uploads\/2014\/12\/Forsttechnik1.jpg","width":800,"height":533,"caption":"Forsttechnik"},{"@type":"BreadcrumbList","@id":"http:\/\/www.waldforscher.at\/?page_id=359#breadcrumb","itemListElement":[{"@type":"ListItem","position":1,"name":"Home","item":"http:\/\/www.waldforscher.at\/"},{"@type":"ListItem","position":2,"name":"Programm\u00fcbersicht","item":"http:\/\/www.waldforscher.at\/?page_id=270"},{"@type":"ListItem","position":3,"name":"Bohren, F\u00e4llen, S\u00e4gen \u2013 hier wird gearbeitet!"}]},{"@type":"WebSite","@id":"http:\/\/www.waldforscher.at\/#website","url":"http:\/\/www.waldforscher.at\/","name":"Waldforscher.at","description":"Waldp\u00e4dagogik und Walderlebnistag Forstverwaltung Kleimariazell","publisher":{"@id":"http:\/\/www.waldforscher.at\/#organization"},"potentialAction":[{"@type":"SearchAction","target":{"@type":"EntryPoint","urlTemplate":"http:\/\/www.waldforscher.at\/?s={search_term_string}"},"query-input":{"@type":"PropertyValueSpecification","valueRequired":true,"valueName":"search_term_string"}}],"inLanguage":"de"},{"@type":"Organization","@id":"http:\/\/www.waldforscher.at\/#organization","name":"Waldforscher.at","url":"http:\/\/www.waldforscher.at\/","logo":{"@type":"ImageObject","inLanguage":"de","@id":"http:\/\/www.waldforscher.at\/#\/schema\/logo\/image\/","url":"http:\/\/www.waldforscher.at\/wp-content\/uploads\/2017\/01\/Logo_WaldforscherInnen_5.png","contentUrl":"http:\/\/www.waldforscher.at\/wp-content\/uploads\/2017\/01\/Logo_WaldforscherInnen_5.png","width":608,"height":602,"caption":"Waldforscher.at"},"image":{"@id":"http:\/\/www.waldforscher.at\/#\/schema\/logo\/image\/"},"sameAs":["https:\/\/www.facebook.com\/waldforscher\/","https:\/\/www.youtube.com\/channel\/UCMn2x_MY1UIU6nQUvZ4-RVA"]}]}},"jetpack_sharing_enabled":true,"jetpack_shortlink":"https:\/\/wp.me\/P5ngwf-5N","_links":{"self":[{"href":"http:\/\/www.waldforscher.at\/index.php?rest_route=\/wp\/v2\/pages\/359","targetHints":{"allow":["GET"]}}],"collection":[{"href":"http:\/\/www.waldforscher.at\/index.php?rest_route=\/wp\/v2\/pages"}],"about":[{"href":"http:\/\/www.waldforscher.at\/index.php?rest_route=\/wp\/v2\/types\/page"}],"author":[{"embeddable":true,"href":"http:\/\/www.waldforscher.at\/index.php?rest_route=\/wp\/v2\/users\/5"}],"replies":[{"embeddable":true,"href":"http:\/\/www.waldforscher.at\/index.php?rest_route=%2Fwp%2Fv2%2Fcomments&post=359"}],"version-history":[{"count":3,"href":"http:\/\/www.waldforscher.at\/index.php?rest_route=\/wp\/v2\/pages\/359\/revisions"}],"predecessor-version":[{"id":403,"href":"http:\/\/www.waldforscher.at\/index.php?rest_route=\/wp\/v2\/pages\/359\/revisions\/403"}],"up":[{"embeddable":true,"href":"http:\/\/www.waldforscher.at\/index.php?rest_route=\/wp\/v2\/pages\/270"}],"wp:attachment":[{"href":"http:\/\/www.waldforscher.at\/index.php?rest_route=%2Fwp%2Fv2%2Fmedia&parent=359"}],"curies":[{"name":"wp","href":"https:\/\/api.w.org\/{rel}","templated":true}]}}