{"id":330,"date":"2014-12-14T16:43:52","date_gmt":"2014-12-14T15:43:52","guid":{"rendered":"http:\/\/www.waldforscher.at\/?page_id=330"},"modified":"2017-09-08T09:54:36","modified_gmt":"2017-09-08T08:54:36","slug":"johannes-tintner","status":"publish","type":"page","link":"http:\/\/www.waldforscher.at\/?page_id=330","title":{"rendered":"Johannes Tintner"},"content":{"rendered":"<p><a href=\"http:\/\/www.waldforscher.at\/wp-content\/uploads\/2014\/12\/Foto_Tintner.jpg\"><img loading=\"lazy\" decoding=\"async\" data-attachment-id=\"331\" data-permalink=\"http:\/\/www.waldforscher.at\/?attachment_id=331\" data-orig-file=\"http:\/\/www.waldforscher.at\/wp-content\/uploads\/2014\/12\/Foto_Tintner.jpg\" data-orig-size=\"624,832\" data-comments-opened=\"1\" data-image-meta=\"{&quot;aperture&quot;:&quot;0&quot;,&quot;credit&quot;:&quot;&quot;,&quot;camera&quot;:&quot;&quot;,&quot;caption&quot;:&quot;&quot;,&quot;created_timestamp&quot;:&quot;0&quot;,&quot;copyright&quot;:&quot;&quot;,&quot;focal_length&quot;:&quot;0&quot;,&quot;iso&quot;:&quot;0&quot;,&quot;shutter_speed&quot;:&quot;0&quot;,&quot;title&quot;:&quot;&quot;,&quot;orientation&quot;:&quot;1&quot;}\" data-image-title=\"Foto_Tintner\" data-image-description=\"\" data-image-caption=\"\" data-large-file=\"http:\/\/www.waldforscher.at\/wp-content\/uploads\/2014\/12\/Foto_Tintner.jpg\" class=\"alignleft size-thumbnail wp-image-331\" src=\"http:\/\/www.waldforscher.at\/wp-content\/uploads\/2014\/12\/Foto_Tintner-150x150.jpg\" alt=\"Foto_Tintner\" width=\"150\" height=\"150\"><\/a><\/p>\n<p>Johannes ist ausgebildeter Waldp\u00e4dagoge, nach dem Studium Kulturtechnik und Wasserwirtschaft hat er an der BOKU begonnen (Stationen Botanik, Geologie, Abfallwirtschaft, Statistik und Holztechnologie), au\u00dferdem Ausbildung Schule am Bauernhof<\/p>\n<p>Spezielles Interesse hat er an Boden und Pflanzen, darum freut er sich, euch Bodenprofile im Wald n\u00e4her zu bringen. Und er l\u00e4dt ein, genauer hinzusehen bei den vielen Kr\u00e4utern, Gr\u00e4sern, Str\u00e4uchern und B\u00e4umen, die in unserem Wald so gedeihen. Bestimmen, gestalten und essen &#8211; die Botanik hat viel zu bieten!<\/p>\n<p>Hobbies: Pflanzen und die kleinsten Waldforscherinnen Lea und Miriam \ud83d\ude42<\/p>\n","protected":false},"excerpt":{"rendered":"<p>Johannes ist ausgebildeter Waldp\u00e4dagoge, nach dem Studium Kulturtechnik und Wasserwirtschaft hat er an der BOKU begonnen (Stationen Botanik, Geologie, Abfallwirtschaft, Statistik und Holztechnologie), au\u00dferdem Ausbildung Schule am Bauernhof Spezielles Interesse hat er an Boden und Pflanzen, darum freut er sich, euch Bodenprofile im Wald n\u00e4her zu bringen. Und er l\u00e4dt ein, genauer hinzusehen bei den vielen Kr\u00e4utern, Gr\u00e4sern, Str\u00e4uchern und B\u00e4umen, die in unserem Wald so gedeihen. Bestimmen, gestalten und essen &#8211; die Botanik hat viel zu bieten! Hobbies: Pflanzen und die kleinsten Waldforscherinnen Lea und Miriam \ud83d\ude42<\/p>\n<a class=\"more-link\" rel=\"nofollow\" href=\"http:\/\/www.waldforscher.at\/?page_id=330\">[Weiterlesen...]<\/a>","protected":false},"author":2,"featured_media":0,"parent":62,"menu_order":0,"comment_status":"open","ping_status":"open","template":"","meta":{"_exactmetrics_skip_tracking":false,"_exactmetrics_sitenote_active":false,"_exactmetrics_sitenote_note":"","_exactmetrics_sitenote_category":0,"ngg_post_thumbnail":0,"jetpack_post_was_ever_published":false,"footnotes":""},"class_list":["post-330","page","type-page","status-publish","hentry"],"yoast_head":"<!-- This site is optimized with the Yoast SEO plugin v27.5 - https:\/\/yoast.com\/product\/yoast-seo-wordpress\/ -->\n<title>Johannes Tintner - Waldforscher.at<\/title>\n<meta name=\"robots\" content=\"index, follow, max-snippet:-1, max-image-preview:large, max-video-preview:-1\" \/>\n<link rel=\"canonical\" href=\"http:\/\/www.waldforscher.at\/?page_id=330\" \/>\n<meta property=\"og:locale\" content=\"de_DE\" \/>\n<meta property=\"og:type\" content=\"article\" \/>\n<meta property=\"og:title\" content=\"Johannes Tintner - Waldforscher.at\" \/>\n<meta property=\"og:description\" content=\"Johannes ist ausgebildeter Waldp\u00e4dagoge, nach dem Studium Kulturtechnik und Wasserwirtschaft hat er an der BOKU begonnen (Stationen Botanik, Geologie, Abfallwirtschaft, Statistik und Holztechnologie), au\u00dferdem Ausbildung Schule am Bauernhof Spezielles Interesse hat er an Boden und Pflanzen, darum freut er sich, euch Bodenprofile im Wald n\u00e4her zu bringen. Und er l\u00e4dt ein, genauer hinzusehen bei den vielen Kr\u00e4utern, Gr\u00e4sern, Str\u00e4uchern und B\u00e4umen, die in unserem Wald so gedeihen. Bestimmen, gestalten und essen &#8211; die Botanik hat viel zu bieten! Hobbies: Pflanzen und die kleinsten Waldforscherinnen Lea und Miriam \ud83d\ude42\" \/>\n<meta property=\"og:url\" content=\"http:\/\/www.waldforscher.at\/?page_id=330\" \/>\n<meta property=\"og:site_name\" content=\"Waldforscher.at\" \/>\n<meta property=\"article:publisher\" content=\"https:\/\/www.facebook.com\/waldforscher\/\" \/>\n<meta property=\"article:modified_time\" content=\"2017-09-08T08:54:36+00:00\" \/>\n<meta property=\"og:image\" content=\"http:\/\/www.waldforscher.at\/wp-content\/uploads\/2014\/12\/Foto_Tintner-150x150.jpg\" \/>\n<meta name=\"twitter:card\" content=\"summary_large_image\" \/>\n<script type=\"application\/ld+json\" class=\"yoast-schema-graph\">{\"@context\":\"https:\\\/\\\/schema.org\",\"@graph\":[{\"@type\":\"WebPage\",\"@id\":\"http:\\\/\\\/www.waldforscher.at\\\/?page_id=330\",\"url\":\"http:\\\/\\\/www.waldforscher.at\\\/?page_id=330\",\"name\":\"Johannes Tintner - Waldforscher.at\",\"isPartOf\":{\"@id\":\"http:\\\/\\\/www.waldforscher.at\\\/#website\"},\"primaryImageOfPage\":{\"@id\":\"http:\\\/\\\/www.waldforscher.at\\\/?page_id=330#primaryimage\"},\"image\":{\"@id\":\"http:\\\/\\\/www.waldforscher.at\\\/?page_id=330#primaryimage\"},\"thumbnailUrl\":\"http:\\\/\\\/www.waldforscher.at\\\/wp-content\\\/uploads\\\/2014\\\/12\\\/Foto_Tintner-150x150.jpg\",\"datePublished\":\"2014-12-14T15:43:52+00:00\",\"dateModified\":\"2017-09-08T08:54:36+00:00\",\"breadcrumb\":{\"@id\":\"http:\\\/\\\/www.waldforscher.at\\\/?page_id=330#breadcrumb\"},\"inLanguage\":\"de\",\"potentialAction\":[{\"@type\":\"ReadAction\",\"target\":[\"http:\\\/\\\/www.waldforscher.at\\\/?page_id=330\"]}]},{\"@type\":\"ImageObject\",\"inLanguage\":\"de\",\"@id\":\"http:\\\/\\\/www.waldforscher.at\\\/?page_id=330#primaryimage\",\"url\":\"http:\\\/\\\/www.waldforscher.at\\\/wp-content\\\/uploads\\\/2014\\\/12\\\/Foto_Tintner.jpg\",\"contentUrl\":\"http:\\\/\\\/www.waldforscher.at\\\/wp-content\\\/uploads\\\/2014\\\/12\\\/Foto_Tintner.jpg\",\"width\":624,\"height\":832,\"caption\":\"Johannes Tintner\"},{\"@type\":\"BreadcrumbList\",\"@id\":\"http:\\\/\\\/www.waldforscher.at\\\/?page_id=330#breadcrumb\",\"itemListElement\":[{\"@type\":\"ListItem\",\"position\":1,\"name\":\"Home\",\"item\":\"http:\\\/\\\/www.waldforscher.at\\\/\"},{\"@type\":\"ListItem\",\"position\":2,\"name\":\"Wer sind die Waldforscher?\",\"item\":\"http:\\\/\\\/www.waldforscher.at\\\/?page_id=62\"},{\"@type\":\"ListItem\",\"position\":3,\"name\":\"Johannes Tintner\"}]},{\"@type\":\"WebSite\",\"@id\":\"http:\\\/\\\/www.waldforscher.at\\\/#website\",\"url\":\"http:\\\/\\\/www.waldforscher.at\\\/\",\"name\":\"Waldforscher.at\",\"description\":\"Waldp\u00e4dagogik und Walderlebnistag Forstverwaltung Kleimariazell\",\"publisher\":{\"@id\":\"http:\\\/\\\/www.waldforscher.at\\\/#organization\"},\"potentialAction\":[{\"@type\":\"SearchAction\",\"target\":{\"@type\":\"EntryPoint\",\"urlTemplate\":\"http:\\\/\\\/www.waldforscher.at\\\/?s={search_term_string}\"},\"query-input\":{\"@type\":\"PropertyValueSpecification\",\"valueRequired\":true,\"valueName\":\"search_term_string\"}}],\"inLanguage\":\"de\"},{\"@type\":\"Organization\",\"@id\":\"http:\\\/\\\/www.waldforscher.at\\\/#organization\",\"name\":\"Waldforscher.at\",\"url\":\"http:\\\/\\\/www.waldforscher.at\\\/\",\"logo\":{\"@type\":\"ImageObject\",\"inLanguage\":\"de\",\"@id\":\"http:\\\/\\\/www.waldforscher.at\\\/#\\\/schema\\\/logo\\\/image\\\/\",\"url\":\"http:\\\/\\\/www.waldforscher.at\\\/wp-content\\\/uploads\\\/2017\\\/01\\\/Logo_WaldforscherInnen_5.png\",\"contentUrl\":\"http:\\\/\\\/www.waldforscher.at\\\/wp-content\\\/uploads\\\/2017\\\/01\\\/Logo_WaldforscherInnen_5.png\",\"width\":608,\"height\":602,\"caption\":\"Waldforscher.at\"},\"image\":{\"@id\":\"http:\\\/\\\/www.waldforscher.at\\\/#\\\/schema\\\/logo\\\/image\\\/\"},\"sameAs\":[\"https:\\\/\\\/www.facebook.com\\\/waldforscher\\\/\",\"https:\\\/\\\/www.youtube.com\\\/channel\\\/UCMn2x_MY1UIU6nQUvZ4-RVA\"]}]}<\/script>\n<!-- \/ Yoast SEO plugin. -->","yoast_head_json":{"title":"Johannes Tintner - Waldforscher.at","robots":{"index":"index","follow":"follow","max-snippet":"max-snippet:-1","max-image-preview":"max-image-preview:large","max-video-preview":"max-video-preview:-1"},"canonical":"http:\/\/www.waldforscher.at\/?page_id=330","og_locale":"de_DE","og_type":"article","og_title":"Johannes Tintner - Waldforscher.at","og_description":"Johannes ist ausgebildeter Waldp\u00e4dagoge, nach dem Studium Kulturtechnik und Wasserwirtschaft hat er an der BOKU begonnen (Stationen Botanik, Geologie, Abfallwirtschaft, Statistik und Holztechnologie), au\u00dferdem Ausbildung Schule am Bauernhof Spezielles Interesse hat er an Boden und Pflanzen, darum freut er sich, euch Bodenprofile im Wald n\u00e4her zu bringen. Und er l\u00e4dt ein, genauer hinzusehen bei den vielen Kr\u00e4utern, Gr\u00e4sern, Str\u00e4uchern und B\u00e4umen, die in unserem Wald so gedeihen. Bestimmen, gestalten und essen &#8211; die Botanik hat viel zu bieten! Hobbies: Pflanzen und die kleinsten Waldforscherinnen Lea und Miriam \ud83d\ude42","og_url":"http:\/\/www.waldforscher.at\/?page_id=330","og_site_name":"Waldforscher.at","article_publisher":"https:\/\/www.facebook.com\/waldforscher\/","article_modified_time":"2017-09-08T08:54:36+00:00","og_image":[{"url":"http:\/\/www.waldforscher.at\/wp-content\/uploads\/2014\/12\/Foto_Tintner-150x150.jpg","type":"","width":"","height":""}],"twitter_card":"summary_large_image","schema":{"@context":"https:\/\/schema.org","@graph":[{"@type":"WebPage","@id":"http:\/\/www.waldforscher.at\/?page_id=330","url":"http:\/\/www.waldforscher.at\/?page_id=330","name":"Johannes Tintner - Waldforscher.at","isPartOf":{"@id":"http:\/\/www.waldforscher.at\/#website"},"primaryImageOfPage":{"@id":"http:\/\/www.waldforscher.at\/?page_id=330#primaryimage"},"image":{"@id":"http:\/\/www.waldforscher.at\/?page_id=330#primaryimage"},"thumbnailUrl":"http:\/\/www.waldforscher.at\/wp-content\/uploads\/2014\/12\/Foto_Tintner-150x150.jpg","datePublished":"2014-12-14T15:43:52+00:00","dateModified":"2017-09-08T08:54:36+00:00","breadcrumb":{"@id":"http:\/\/www.waldforscher.at\/?page_id=330#breadcrumb"},"inLanguage":"de","potentialAction":[{"@type":"ReadAction","target":["http:\/\/www.waldforscher.at\/?page_id=330"]}]},{"@type":"ImageObject","inLanguage":"de","@id":"http:\/\/www.waldforscher.at\/?page_id=330#primaryimage","url":"http:\/\/www.waldforscher.at\/wp-content\/uploads\/2014\/12\/Foto_Tintner.jpg","contentUrl":"http:\/\/www.waldforscher.at\/wp-content\/uploads\/2014\/12\/Foto_Tintner.jpg","width":624,"height":832,"caption":"Johannes Tintner"},{"@type":"BreadcrumbList","@id":"http:\/\/www.waldforscher.at\/?page_id=330#breadcrumb","itemListElement":[{"@type":"ListItem","position":1,"name":"Home","item":"http:\/\/www.waldforscher.at\/"},{"@type":"ListItem","position":2,"name":"Wer sind die Waldforscher?","item":"http:\/\/www.waldforscher.at\/?page_id=62"},{"@type":"ListItem","position":3,"name":"Johannes Tintner"}]},{"@type":"WebSite","@id":"http:\/\/www.waldforscher.at\/#website","url":"http:\/\/www.waldforscher.at\/","name":"Waldforscher.at","description":"Waldp\u00e4dagogik und Walderlebnistag Forstverwaltung Kleimariazell","publisher":{"@id":"http:\/\/www.waldforscher.at\/#organization"},"potentialAction":[{"@type":"SearchAction","target":{"@type":"EntryPoint","urlTemplate":"http:\/\/www.waldforscher.at\/?s={search_term_string}"},"query-input":{"@type":"PropertyValueSpecification","valueRequired":true,"valueName":"search_term_string"}}],"inLanguage":"de"},{"@type":"Organization","@id":"http:\/\/www.waldforscher.at\/#organization","name":"Waldforscher.at","url":"http:\/\/www.waldforscher.at\/","logo":{"@type":"ImageObject","inLanguage":"de","@id":"http:\/\/www.waldforscher.at\/#\/schema\/logo\/image\/","url":"http:\/\/www.waldforscher.at\/wp-content\/uploads\/2017\/01\/Logo_WaldforscherInnen_5.png","contentUrl":"http:\/\/www.waldforscher.at\/wp-content\/uploads\/2017\/01\/Logo_WaldforscherInnen_5.png","width":608,"height":602,"caption":"Waldforscher.at"},"image":{"@id":"http:\/\/www.waldforscher.at\/#\/schema\/logo\/image\/"},"sameAs":["https:\/\/www.facebook.com\/waldforscher\/","https:\/\/www.youtube.com\/channel\/UCMn2x_MY1UIU6nQUvZ4-RVA"]}]}},"jetpack_sharing_enabled":true,"jetpack_shortlink":"https:\/\/wp.me\/P5ngwf-5k","_links":{"self":[{"href":"http:\/\/www.waldforscher.at\/index.php?rest_route=\/wp\/v2\/pages\/330","targetHints":{"allow":["GET"]}}],"collection":[{"href":"http:\/\/www.waldforscher.at\/index.php?rest_route=\/wp\/v2\/pages"}],"about":[{"href":"http:\/\/www.waldforscher.at\/index.php?rest_route=\/wp\/v2\/types\/page"}],"author":[{"embeddable":true,"href":"http:\/\/www.waldforscher.at\/index.php?rest_route=\/wp\/v2\/users\/2"}],"replies":[{"embeddable":true,"href":"http:\/\/www.waldforscher.at\/index.php?rest_route=%2Fwp%2Fv2%2Fcomments&post=330"}],"version-history":[{"count":4,"href":"http:\/\/www.waldforscher.at\/index.php?rest_route=\/wp\/v2\/pages\/330\/revisions"}],"predecessor-version":[{"id":521,"href":"http:\/\/www.waldforscher.at\/index.php?rest_route=\/wp\/v2\/pages\/330\/revisions\/521"}],"up":[{"embeddable":true,"href":"http:\/\/www.waldforscher.at\/index.php?rest_route=\/wp\/v2\/pages\/62"}],"wp:attachment":[{"href":"http:\/\/www.waldforscher.at\/index.php?rest_route=%2Fwp%2Fv2%2Fmedia&parent=330"}],"curies":[{"name":"wp","href":"https:\/\/api.w.org\/{rel}","templated":true}]}}