{"id":225,"date":"2014-12-01T18:56:27","date_gmt":"2014-12-01T17:56:27","guid":{"rendered":"http:\/\/www.waldforscher.at\/?page_id=225"},"modified":"2014-12-14T15:30:45","modified_gmt":"2014-12-14T14:30:45","slug":"stefan-smidt","status":"publish","type":"page","link":"http:\/\/www.waldforscher.at\/?page_id=225","title":{"rendered":"Stefan Smidt"},"content":{"rendered":"<p><a href=\"http:\/\/www.waldforscher.at\/wp-content\/uploads\/2014\/12\/Stefan.jpg\"><img loading=\"lazy\" decoding=\"async\" data-attachment-id=\"304\" data-permalink=\"http:\/\/www.waldforscher.at\/?attachment_id=304\" data-orig-file=\"http:\/\/www.waldforscher.at\/wp-content\/uploads\/2014\/12\/Stefan.jpg\" data-orig-size=\"1500,1000\" data-comments-opened=\"1\" data-image-meta=\"{&quot;aperture&quot;:&quot;4.5&quot;,&quot;credit&quot;:&quot;&quot;,&quot;camera&quot;:&quot;Canon EOS 300D DIGITAL&quot;,&quot;caption&quot;:&quot;&quot;,&quot;created_timestamp&quot;:&quot;1252773228&quot;,&quot;copyright&quot;:&quot;&quot;,&quot;focal_length&quot;:&quot;125&quot;,&quot;iso&quot;:&quot;100&quot;,&quot;shutter_speed&quot;:&quot;0.00625&quot;,&quot;title&quot;:&quot;&quot;,&quot;orientation&quot;:&quot;1&quot;}\" data-image-title=\"Stefan\" data-image-description=\"\" data-image-caption=\"\" data-large-file=\"http:\/\/www.waldforscher.at\/wp-content\/uploads\/2014\/12\/Stefan-1024x682.jpg\" class=\"alignnone size-medium wp-image-304\" src=\"http:\/\/www.waldforscher.at\/wp-content\/uploads\/2014\/12\/Stefan-300x200.jpg\" alt=\"Stefan\" width=\"300\" height=\"200\" srcset=\"http:\/\/www.waldforscher.at\/wp-content\/uploads\/2014\/12\/Stefan-300x200.jpg 300w, http:\/\/www.waldforscher.at\/wp-content\/uploads\/2014\/12\/Stefan-1024x682.jpg 1024w, http:\/\/www.waldforscher.at\/wp-content\/uploads\/2014\/12\/Stefan.jpg 1500w\" sizes=\"auto, (max-width: 300px) 100vw, 300px\" \/><\/a><\/p>\n<p>Stefan Smidt ist Betriebsf\u00fchrer der Forstverwaltung Kleinmariazell.<\/p>\n<p>In seiner aktiven Zeit war er Immissions\u00f6kologe am Bundesforschungs- und Ausbildungszentrum f\u00fcr Wald, Naturgefahren und Landschaft (BFW).<\/p>\n<p>Hobbies: Fotografie und Musik.<\/p>\n<p><a title=\"www.foto-smidt.at\" href=\"http:\/\/www.foto-smidt.at\" target=\"_blank\">http:\/\/www.foto-smidt.at<\/a><\/p>\n<p>www.luftschadstoffe.at<\/p>\n<p>&nbsp;<\/p>\n<p>&nbsp;<\/p>\n","protected":false},"excerpt":{"rendered":"<p>Stefan Smidt ist Betriebsf\u00fchrer der Forstverwaltung Kleinmariazell. In seiner aktiven Zeit war er Immissions\u00f6kologe am Bundesforschungs- und Ausbildungszentrum f\u00fcr Wald, Naturgefahren und Landschaft (BFW). Hobbies: Fotografie und Musik. http:\/\/www.foto-smidt.at www.luftschadstoffe.at &nbsp; &nbsp;<\/p>\n<a class=\"more-link\" rel=\"nofollow\" href=\"http:\/\/www.waldforscher.at\/?page_id=225\">[Weiterlesen...]<\/a>","protected":false},"author":2,"featured_media":0,"parent":62,"menu_order":0,"comment_status":"open","ping_status":"open","template":"","meta":{"_exactmetrics_skip_tracking":false,"_exactmetrics_sitenote_active":false,"_exactmetrics_sitenote_note":"","_exactmetrics_sitenote_category":0,"ngg_post_thumbnail":0,"jetpack_post_was_ever_published":false,"footnotes":""},"class_list":["post-225","page","type-page","status-publish","hentry"],"yoast_head":"<!-- This site is optimized with the Yoast SEO plugin v27.5 - https:\/\/yoast.com\/product\/yoast-seo-wordpress\/ -->\n<title>Stefan Smidt - Waldforscher.at<\/title>\n<meta name=\"robots\" content=\"index, follow, max-snippet:-1, max-image-preview:large, max-video-preview:-1\" \/>\n<link rel=\"canonical\" href=\"http:\/\/www.waldforscher.at\/?page_id=225\" \/>\n<meta property=\"og:locale\" content=\"de_DE\" \/>\n<meta property=\"og:type\" content=\"article\" \/>\n<meta property=\"og:title\" content=\"Stefan Smidt - Waldforscher.at\" \/>\n<meta property=\"og:description\" content=\"Stefan Smidt ist Betriebsf\u00fchrer der Forstverwaltung Kleinmariazell. In seiner aktiven Zeit war er Immissions\u00f6kologe am Bundesforschungs- und Ausbildungszentrum f\u00fcr Wald, Naturgefahren und Landschaft (BFW). Hobbies: Fotografie und Musik. http:\/\/www.foto-smidt.at www.luftschadstoffe.at &nbsp; &nbsp;\" \/>\n<meta property=\"og:url\" content=\"http:\/\/www.waldforscher.at\/?page_id=225\" \/>\n<meta property=\"og:site_name\" content=\"Waldforscher.at\" \/>\n<meta property=\"article:publisher\" content=\"https:\/\/www.facebook.com\/waldforscher\/\" \/>\n<meta property=\"article:modified_time\" content=\"2014-12-14T14:30:45+00:00\" \/>\n<meta property=\"og:image\" content=\"http:\/\/www.waldforscher.at\/wp-content\/uploads\/2014\/12\/Stefan-300x200.jpg\" \/>\n<meta name=\"twitter:card\" content=\"summary_large_image\" \/>\n<script type=\"application\/ld+json\" class=\"yoast-schema-graph\">{\"@context\":\"https:\\\/\\\/schema.org\",\"@graph\":[{\"@type\":\"WebPage\",\"@id\":\"http:\\\/\\\/www.waldforscher.at\\\/?page_id=225\",\"url\":\"http:\\\/\\\/www.waldforscher.at\\\/?page_id=225\",\"name\":\"Stefan Smidt - Waldforscher.at\",\"isPartOf\":{\"@id\":\"http:\\\/\\\/www.waldforscher.at\\\/#website\"},\"primaryImageOfPage\":{\"@id\":\"http:\\\/\\\/www.waldforscher.at\\\/?page_id=225#primaryimage\"},\"image\":{\"@id\":\"http:\\\/\\\/www.waldforscher.at\\\/?page_id=225#primaryimage\"},\"thumbnailUrl\":\"http:\\\/\\\/www.waldforscher.at\\\/wp-content\\\/uploads\\\/2014\\\/12\\\/Stefan-300x200.jpg\",\"datePublished\":\"2014-12-01T17:56:27+00:00\",\"dateModified\":\"2014-12-14T14:30:45+00:00\",\"breadcrumb\":{\"@id\":\"http:\\\/\\\/www.waldforscher.at\\\/?page_id=225#breadcrumb\"},\"inLanguage\":\"de\",\"potentialAction\":[{\"@type\":\"ReadAction\",\"target\":[\"http:\\\/\\\/www.waldforscher.at\\\/?page_id=225\"]}]},{\"@type\":\"ImageObject\",\"inLanguage\":\"de\",\"@id\":\"http:\\\/\\\/www.waldforscher.at\\\/?page_id=225#primaryimage\",\"url\":\"http:\\\/\\\/www.waldforscher.at\\\/wp-content\\\/uploads\\\/2014\\\/12\\\/Stefan.jpg\",\"contentUrl\":\"http:\\\/\\\/www.waldforscher.at\\\/wp-content\\\/uploads\\\/2014\\\/12\\\/Stefan.jpg\",\"width\":1500,\"height\":1000},{\"@type\":\"BreadcrumbList\",\"@id\":\"http:\\\/\\\/www.waldforscher.at\\\/?page_id=225#breadcrumb\",\"itemListElement\":[{\"@type\":\"ListItem\",\"position\":1,\"name\":\"Home\",\"item\":\"http:\\\/\\\/www.waldforscher.at\\\/\"},{\"@type\":\"ListItem\",\"position\":2,\"name\":\"Wer sind die Waldforscher?\",\"item\":\"http:\\\/\\\/www.waldforscher.at\\\/?page_id=62\"},{\"@type\":\"ListItem\",\"position\":3,\"name\":\"Stefan Smidt\"}]},{\"@type\":\"WebSite\",\"@id\":\"http:\\\/\\\/www.waldforscher.at\\\/#website\",\"url\":\"http:\\\/\\\/www.waldforscher.at\\\/\",\"name\":\"Waldforscher.at\",\"description\":\"Waldp\u00e4dagogik und Walderlebnistag Forstverwaltung Kleimariazell\",\"publisher\":{\"@id\":\"http:\\\/\\\/www.waldforscher.at\\\/#organization\"},\"potentialAction\":[{\"@type\":\"SearchAction\",\"target\":{\"@type\":\"EntryPoint\",\"urlTemplate\":\"http:\\\/\\\/www.waldforscher.at\\\/?s={search_term_string}\"},\"query-input\":{\"@type\":\"PropertyValueSpecification\",\"valueRequired\":true,\"valueName\":\"search_term_string\"}}],\"inLanguage\":\"de\"},{\"@type\":\"Organization\",\"@id\":\"http:\\\/\\\/www.waldforscher.at\\\/#organization\",\"name\":\"Waldforscher.at\",\"url\":\"http:\\\/\\\/www.waldforscher.at\\\/\",\"logo\":{\"@type\":\"ImageObject\",\"inLanguage\":\"de\",\"@id\":\"http:\\\/\\\/www.waldforscher.at\\\/#\\\/schema\\\/logo\\\/image\\\/\",\"url\":\"http:\\\/\\\/www.waldforscher.at\\\/wp-content\\\/uploads\\\/2017\\\/01\\\/Logo_WaldforscherInnen_5.png\",\"contentUrl\":\"http:\\\/\\\/www.waldforscher.at\\\/wp-content\\\/uploads\\\/2017\\\/01\\\/Logo_WaldforscherInnen_5.png\",\"width\":608,\"height\":602,\"caption\":\"Waldforscher.at\"},\"image\":{\"@id\":\"http:\\\/\\\/www.waldforscher.at\\\/#\\\/schema\\\/logo\\\/image\\\/\"},\"sameAs\":[\"https:\\\/\\\/www.facebook.com\\\/waldforscher\\\/\",\"https:\\\/\\\/www.youtube.com\\\/channel\\\/UCMn2x_MY1UIU6nQUvZ4-RVA\"]}]}<\/script>\n<!-- \/ Yoast SEO plugin. -->","yoast_head_json":{"title":"Stefan Smidt - Waldforscher.at","robots":{"index":"index","follow":"follow","max-snippet":"max-snippet:-1","max-image-preview":"max-image-preview:large","max-video-preview":"max-video-preview:-1"},"canonical":"http:\/\/www.waldforscher.at\/?page_id=225","og_locale":"de_DE","og_type":"article","og_title":"Stefan Smidt - Waldforscher.at","og_description":"Stefan Smidt ist Betriebsf\u00fchrer der Forstverwaltung Kleinmariazell. In seiner aktiven Zeit war er Immissions\u00f6kologe am Bundesforschungs- und Ausbildungszentrum f\u00fcr Wald, Naturgefahren und Landschaft (BFW). Hobbies: Fotografie und Musik. http:\/\/www.foto-smidt.at www.luftschadstoffe.at &nbsp; &nbsp;","og_url":"http:\/\/www.waldforscher.at\/?page_id=225","og_site_name":"Waldforscher.at","article_publisher":"https:\/\/www.facebook.com\/waldforscher\/","article_modified_time":"2014-12-14T14:30:45+00:00","og_image":[{"url":"http:\/\/www.waldforscher.at\/wp-content\/uploads\/2014\/12\/Stefan-300x200.jpg","type":"","width":"","height":""}],"twitter_card":"summary_large_image","schema":{"@context":"https:\/\/schema.org","@graph":[{"@type":"WebPage","@id":"http:\/\/www.waldforscher.at\/?page_id=225","url":"http:\/\/www.waldforscher.at\/?page_id=225","name":"Stefan Smidt - Waldforscher.at","isPartOf":{"@id":"http:\/\/www.waldforscher.at\/#website"},"primaryImageOfPage":{"@id":"http:\/\/www.waldforscher.at\/?page_id=225#primaryimage"},"image":{"@id":"http:\/\/www.waldforscher.at\/?page_id=225#primaryimage"},"thumbnailUrl":"http:\/\/www.waldforscher.at\/wp-content\/uploads\/2014\/12\/Stefan-300x200.jpg","datePublished":"2014-12-01T17:56:27+00:00","dateModified":"2014-12-14T14:30:45+00:00","breadcrumb":{"@id":"http:\/\/www.waldforscher.at\/?page_id=225#breadcrumb"},"inLanguage":"de","potentialAction":[{"@type":"ReadAction","target":["http:\/\/www.waldforscher.at\/?page_id=225"]}]},{"@type":"ImageObject","inLanguage":"de","@id":"http:\/\/www.waldforscher.at\/?page_id=225#primaryimage","url":"http:\/\/www.waldforscher.at\/wp-content\/uploads\/2014\/12\/Stefan.jpg","contentUrl":"http:\/\/www.waldforscher.at\/wp-content\/uploads\/2014\/12\/Stefan.jpg","width":1500,"height":1000},{"@type":"BreadcrumbList","@id":"http:\/\/www.waldforscher.at\/?page_id=225#breadcrumb","itemListElement":[{"@type":"ListItem","position":1,"name":"Home","item":"http:\/\/www.waldforscher.at\/"},{"@type":"ListItem","position":2,"name":"Wer sind die Waldforscher?","item":"http:\/\/www.waldforscher.at\/?page_id=62"},{"@type":"ListItem","position":3,"name":"Stefan Smidt"}]},{"@type":"WebSite","@id":"http:\/\/www.waldforscher.at\/#website","url":"http:\/\/www.waldforscher.at\/","name":"Waldforscher.at","description":"Waldp\u00e4dagogik und Walderlebnistag Forstverwaltung Kleimariazell","publisher":{"@id":"http:\/\/www.waldforscher.at\/#organization"},"potentialAction":[{"@type":"SearchAction","target":{"@type":"EntryPoint","urlTemplate":"http:\/\/www.waldforscher.at\/?s={search_term_string}"},"query-input":{"@type":"PropertyValueSpecification","valueRequired":true,"valueName":"search_term_string"}}],"inLanguage":"de"},{"@type":"Organization","@id":"http:\/\/www.waldforscher.at\/#organization","name":"Waldforscher.at","url":"http:\/\/www.waldforscher.at\/","logo":{"@type":"ImageObject","inLanguage":"de","@id":"http:\/\/www.waldforscher.at\/#\/schema\/logo\/image\/","url":"http:\/\/www.waldforscher.at\/wp-content\/uploads\/2017\/01\/Logo_WaldforscherInnen_5.png","contentUrl":"http:\/\/www.waldforscher.at\/wp-content\/uploads\/2017\/01\/Logo_WaldforscherInnen_5.png","width":608,"height":602,"caption":"Waldforscher.at"},"image":{"@id":"http:\/\/www.waldforscher.at\/#\/schema\/logo\/image\/"},"sameAs":["https:\/\/www.facebook.com\/waldforscher\/","https:\/\/www.youtube.com\/channel\/UCMn2x_MY1UIU6nQUvZ4-RVA"]}]}},"jetpack_sharing_enabled":true,"jetpack_shortlink":"https:\/\/wp.me\/P5ngwf-3D","_links":{"self":[{"href":"http:\/\/www.waldforscher.at\/index.php?rest_route=\/wp\/v2\/pages\/225","targetHints":{"allow":["GET"]}}],"collection":[{"href":"http:\/\/www.waldforscher.at\/index.php?rest_route=\/wp\/v2\/pages"}],"about":[{"href":"http:\/\/www.waldforscher.at\/index.php?rest_route=\/wp\/v2\/types\/page"}],"author":[{"embeddable":true,"href":"http:\/\/www.waldforscher.at\/index.php?rest_route=\/wp\/v2\/users\/2"}],"replies":[{"embeddable":true,"href":"http:\/\/www.waldforscher.at\/index.php?rest_route=%2Fwp%2Fv2%2Fcomments&post=225"}],"version-history":[{"count":6,"href":"http:\/\/www.waldforscher.at\/index.php?rest_route=\/wp\/v2\/pages\/225\/revisions"}],"predecessor-version":[{"id":307,"href":"http:\/\/www.waldforscher.at\/index.php?rest_route=\/wp\/v2\/pages\/225\/revisions\/307"}],"up":[{"embeddable":true,"href":"http:\/\/www.waldforscher.at\/index.php?rest_route=\/wp\/v2\/pages\/62"}],"wp:attachment":[{"href":"http:\/\/www.waldforscher.at\/index.php?rest_route=%2Fwp%2Fv2%2Fmedia&parent=225"}],"curies":[{"name":"wp","href":"https:\/\/api.w.org\/{rel}","templated":true}]}}